{"id":10,"date":"2018-09-18T10:38:18","date_gmt":"2018-09-18T10:38:18","guid":{"rendered":"http:\/\/egzersizatolyesi.com\/tr\/?page_id=10"},"modified":"2018-09-20T18:02:08","modified_gmt":"2018-09-20T15:02:08","slug":"bize-ulasin","status":"publish","type":"page","link":"https:\/\/egzersizatolyesi.com\/tr\/bize-ulasin\/","title":{"rendered":"Bize ula\u015f\u0131n"},"content":{"rendered":"<form method=\"post\" id=\"cntctfrm_contact_form\" class=\"cntctfrm_contact_form cntctfrm_two_columns cntctfrm_ltr cntctfrm_width_default\" action=\"\/tr\/wp-json\/wp\/v2\/pages\/10#cntctfrm_contact_form\" enctype=\"multipart\/form-data\"><div id=\"cntctfrm_first_column\" class=\"cntctfrm_column\"><div class=\"cntctfrm_field_wrap cntctfrm_field_name_wrap\"namecontact><div class=\"cntctfrm_label cntctfrm_label_name\">\n\t\t\t\t\t\t\t\t\t\t<label for=\"cntctfrm_contact_name\">Ad\u0131n\u0131z: <span class=\"required\">*<\/span><\/label><\/div><div class=\"cntctfrm_input cntctfrm_input_name\">\n\t\t\t\t\t\t\t\t\t\t<input namecontact class=\"text\" type=\"text\" size=\"40\" pattern=\"^[\\p{L}\\p{M}]{3,}(\\s\\p{M}*\\p{L}+)*\" title=\"Please enter only letters at least 3 characters, words seperated by spaces\" value=\"\" name=\"cntctfrm_contact_name\" id=\"cntctfrm_contact_name\" \/><\/div><\/div><div class=\"cntctfrm_field_wrap cntctfrm_field_email_wrap\"email><div class=\"cntctfrm_label cntctfrm_label_email\">\n\t\t\t\t\t\t\t\t\t\t<label for=\"cntctfrm_contact_email\">e-postan\u0131z: <span class=\"required\">*<\/span><\/label>\n\t\t\t\t\t\t\t\t\t<\/div><div class=\"cntctfrm_input cntctfrm_input_email\">\n\t\t\t\t\t\t\t\t\t\t<input email class=\"text\" type=\"email\" size=\"40\" value=\"\" name=\"cntctfrm_contact_email\" id=\"cntctfrm_contact_email\" \/><\/div><\/div><div class=\"cntctfrm_field_wrap cntctfrm_field_phone_wrap\"><div class=\"cntctfrm_label cntctfrm_label_phone\">\n\t\t\t\t\t\t\t\t\t\t\t<label for=\"cntctfrm_contact_phone\">Telefonunuz: <span class=\"required\">*<\/span><\/label>\n\t\t\t\t\t\t\t\t\t\t<\/div><div class=\"cntctfrm_input cntctfrm_input_phone\">\n\t\t\t\t\t\t\t\t\t\t<input class=\"text\" type=\"text\" size=\"40\" value=\"\" pattern=\"[0-9]{6,}\" title=\"Please enter only numbers at least 6 characters\" name=\"cntctfrm_contact_phone\" id=\"cntctfrm_contact_phone\" \/><\/div><\/div><div class=\"cntctfrm_field_wrap cntctfrm_field_subject_wrap\"subject><div class=\"cntctfrm_label cntctfrm_label_subject\">\n\t\t\t\t\t\t\t\t\t\t<label for=\"cntctfrm_contact_subject\">Konu:<\/label>\n\t\t\t\t\t\t\t\t\t<\/div><div class=\"cntctfrm_input cntctfrm_input_subject\">\n\t\t\t\t\t\t\t\t\t<input subject pattern=\"^[\\p{M}\\p{L}]{3,}(\\s\\p{M}*\\p{L}+)*\" title=\"Please enter only letters at least 3 characters, words seperated by spaces\" class=\"text\" type=\"text\" size=\"40\" value=\"\" name=\"cntctfrm_contact_subject\" id=\"cntctfrm_contact_subject\" \/><\/div><\/div><div class=\"cntctfrm_field_wrap cntctfrm_field_message_wrap\"message><div class=\"cntctfrm_label cntctfrm_label_message\">\n\t\t\t\t\t\t\t\t\t<label for=\"cntctfrm_contact_message\">Mesaj\u0131n\u0131z: <span class=\"required\">*<\/span><\/label>\n\t\t\t\t\t\t\t\t<\/div><div class=\"cntctfrm_input cntctfrm_input_message\">\n\t\t\t\t\t\t\t\t\t<textarea message rows=\"5\" cols=\"30\" name=\"cntctfrm_contact_message\" id=\"cntctfrm_contact_message\"><\/textarea><\/div><\/div><\/div><div id=\"cntctfrm_second_column\" class=\"cntctfrm_column\"><\/div><div class=\"clear\"><\/div><div class=\"cntctfrm_submit_wrap\"><div id=\"cntctfrm_submit_first_column\" class=\"cntctfrm_column\"><div class=\"cntctfrm_input cntctfrm_input_submit\"><input type=\"hidden\" value=\"send\" name=\"cntctfrm_contact_action\">\n\t\t\t\t\t\t\t<input type=\"hidden\" value=\"tr\" name=\"cntctfrm_language\">\n\t\t\t\t\t\t\t<input type=\"hidden\" value=\"1\" name=\"cntctfrm_form_submited\">\n\t\t\t\t\t\t\t<input type=\"hidden\" value=\"cntctfrm_options\" name=\"cntctfrm_options_name\">\n\t\t\t\t\t\t\t<input type=\"submit\" value=\"G\u00f6nder\" class=\"cntctfrm_contact_submit\" \/>\n\t\t\t\t\t\t<\/div><\/div><div id=\"cntctfrm_submit_second_column\" class=\"cntctfrm_column\"><\/div><div class=\"clear\"><\/div>\n\t\t\t<\/div>\n\t\t\t<\/form>\n","protected":false},"excerpt":{"rendered":"","protected":false},"author":1,"featured_media":77,"parent":0,"menu_order":0,"comment_status":"closed","ping_status":"closed","template":"","meta":{"ngg_post_thumbnail":0,"footnotes":""},"yoast_head":"<!-- This site is optimized with the Yoast SEO plugin v22.5 - https:\/\/yoast.com\/wordpress\/plugins\/seo\/ -->\n<title>Bize ula\u015f\u0131n - Egzersiz At\u00f6lyesi<\/title>\n<meta name=\"robots\" content=\"index, follow, max-snippet:-1, max-image-preview:large, max-video-preview:-1\" \/>\n<link rel=\"canonical\" href=\"https:\/\/egzersizatolyesi.com\/tr\/bize-ulasin\/\" \/>\n<meta property=\"og:locale\" content=\"tr_TR\" \/>\n<meta property=\"og:type\" content=\"article\" \/>\n<meta property=\"og:title\" content=\"Bize ula\u015f\u0131n - Egzersiz At\u00f6lyesi\" \/>\n<meta property=\"og:url\" content=\"https:\/\/egzersizatolyesi.com\/tr\/bize-ulasin\/\" \/>\n<meta property=\"og:site_name\" content=\"Egzersiz At\u00f6lyesi\" \/>\n<meta property=\"article:modified_time\" content=\"2018-09-20T15:02:08+00:00\" \/>\n<meta property=\"og:image\" content=\"http:\/\/egzersizatolyesi.com\/tr\/wp-content\/uploads\/2018\/09\/computational-2048166-1024x678.jpg\" \/>\n\t<meta property=\"og:image:width\" content=\"1024\" \/>\n\t<meta property=\"og:image:height\" content=\"678\" \/>\n\t<meta property=\"og:image:type\" content=\"image\/jpeg\" \/>\n<meta name=\"twitter:card\" content=\"summary_large_image\" \/>\n<script type=\"application\/ld+json\" class=\"yoast-schema-graph\">{\"@context\":\"https:\/\/schema.org\",\"@graph\":[{\"@type\":\"WebPage\",\"@id\":\"https:\/\/egzersizatolyesi.com\/tr\/bize-ulasin\/\",\"url\":\"https:\/\/egzersizatolyesi.com\/tr\/bize-ulasin\/\",\"name\":\"Bize ula\u015f\u0131n - Egzersiz At\u00f6lyesi\",\"isPartOf\":{\"@id\":\"https:\/\/egzersizatolyesi.com\/tr\/#website\"},\"primaryImageOfPage\":{\"@id\":\"https:\/\/egzersizatolyesi.com\/tr\/bize-ulasin\/#primaryimage\"},\"image\":{\"@id\":\"https:\/\/egzersizatolyesi.com\/tr\/bize-ulasin\/#primaryimage\"},\"thumbnailUrl\":\"https:\/\/egzersizatolyesi.com\/tr\/wp-content\/uploads\/2018\/09\/computational-2048166.jpg\",\"datePublished\":\"2018-09-18T10:38:18+00:00\",\"dateModified\":\"2018-09-20T15:02:08+00:00\",\"breadcrumb\":{\"@id\":\"https:\/\/egzersizatolyesi.com\/tr\/bize-ulasin\/#breadcrumb\"},\"inLanguage\":\"tr\",\"potentialAction\":[{\"@type\":\"ReadAction\",\"target\":[\"https:\/\/egzersizatolyesi.com\/tr\/bize-ulasin\/\"]}]},{\"@type\":\"ImageObject\",\"inLanguage\":\"tr\",\"@id\":\"https:\/\/egzersizatolyesi.com\/tr\/bize-ulasin\/#primaryimage\",\"url\":\"https:\/\/egzersizatolyesi.com\/tr\/wp-content\/uploads\/2018\/09\/computational-2048166.jpg\",\"contentUrl\":\"https:\/\/egzersizatolyesi.com\/tr\/wp-content\/uploads\/2018\/09\/computational-2048166.jpg\",\"width\":6144,\"height\":4069},{\"@type\":\"BreadcrumbList\",\"@id\":\"https:\/\/egzersizatolyesi.com\/tr\/bize-ulasin\/#breadcrumb\",\"itemListElement\":[{\"@type\":\"ListItem\",\"position\":1,\"name\":\"Anasayfa\",\"item\":\"https:\/\/egzersizatolyesi.com\/tr\/\"},{\"@type\":\"ListItem\",\"position\":2,\"name\":\"Bize ula\u015f\u0131n\"}]},{\"@type\":\"WebSite\",\"@id\":\"https:\/\/egzersizatolyesi.com\/tr\/#website\",\"url\":\"https:\/\/egzersizatolyesi.com\/tr\/\",\"name\":\"Egzersiz At\u00f6lyesi\",\"description\":\"Ac\u0131badem Egzersiz At\u00f6lyesi\",\"publisher\":{\"@id\":\"https:\/\/egzersizatolyesi.com\/tr\/#organization\"},\"potentialAction\":[{\"@type\":\"SearchAction\",\"target\":{\"@type\":\"EntryPoint\",\"urlTemplate\":\"https:\/\/egzersizatolyesi.com\/tr\/?s={search_term_string}\"},\"query-input\":\"required name=search_term_string\"}],\"inLanguage\":\"tr\"},{\"@type\":\"Organization\",\"@id\":\"https:\/\/egzersizatolyesi.com\/tr\/#organization\",\"name\":\"Egzersiz At\u00f6lyesi\",\"url\":\"https:\/\/egzersizatolyesi.com\/tr\/\",\"logo\":{\"@type\":\"ImageObject\",\"inLanguage\":\"tr\",\"@id\":\"https:\/\/egzersizatolyesi.com\/tr\/#\/schema\/logo\/image\/\",\"url\":\"https:\/\/egzersizatolyesi.com\/tr\/wp-content\/uploads\/cropped-Egzersiz-Atolyesi-Logo.png\",\"contentUrl\":\"https:\/\/egzersizatolyesi.com\/tr\/wp-content\/uploads\/cropped-Egzersiz-Atolyesi-Logo.png\",\"width\":360,\"height\":250,\"caption\":\"Egzersiz At\u00f6lyesi\"},\"image\":{\"@id\":\"https:\/\/egzersizatolyesi.com\/tr\/#\/schema\/logo\/image\/\"}}]}<\/script>\n<!-- \/ Yoast SEO plugin. -->","yoast_head_json":{"title":"Bize ula\u015f\u0131n - Egzersiz At\u00f6lyesi","robots":{"index":"index","follow":"follow","max-snippet":"max-snippet:-1","max-image-preview":"max-image-preview:large","max-video-preview":"max-video-preview:-1"},"canonical":"https:\/\/egzersizatolyesi.com\/tr\/bize-ulasin\/","og_locale":"tr_TR","og_type":"article","og_title":"Bize ula\u015f\u0131n - Egzersiz At\u00f6lyesi","og_url":"https:\/\/egzersizatolyesi.com\/tr\/bize-ulasin\/","og_site_name":"Egzersiz At\u00f6lyesi","article_modified_time":"2018-09-20T15:02:08+00:00","og_image":[{"width":1024,"height":678,"url":"http:\/\/egzersizatolyesi.com\/tr\/wp-content\/uploads\/2018\/09\/computational-2048166-1024x678.jpg","type":"image\/jpeg"}],"twitter_card":"summary_large_image","schema":{"@context":"https:\/\/schema.org","@graph":[{"@type":"WebPage","@id":"https:\/\/egzersizatolyesi.com\/tr\/bize-ulasin\/","url":"https:\/\/egzersizatolyesi.com\/tr\/bize-ulasin\/","name":"Bize ula\u015f\u0131n - Egzersiz At\u00f6lyesi","isPartOf":{"@id":"https:\/\/egzersizatolyesi.com\/tr\/#website"},"primaryImageOfPage":{"@id":"https:\/\/egzersizatolyesi.com\/tr\/bize-ulasin\/#primaryimage"},"image":{"@id":"https:\/\/egzersizatolyesi.com\/tr\/bize-ulasin\/#primaryimage"},"thumbnailUrl":"https:\/\/egzersizatolyesi.com\/tr\/wp-content\/uploads\/2018\/09\/computational-2048166.jpg","datePublished":"2018-09-18T10:38:18+00:00","dateModified":"2018-09-20T15:02:08+00:00","breadcrumb":{"@id":"https:\/\/egzersizatolyesi.com\/tr\/bize-ulasin\/#breadcrumb"},"inLanguage":"tr","potentialAction":[{"@type":"ReadAction","target":["https:\/\/egzersizatolyesi.com\/tr\/bize-ulasin\/"]}]},{"@type":"ImageObject","inLanguage":"tr","@id":"https:\/\/egzersizatolyesi.com\/tr\/bize-ulasin\/#primaryimage","url":"https:\/\/egzersizatolyesi.com\/tr\/wp-content\/uploads\/2018\/09\/computational-2048166.jpg","contentUrl":"https:\/\/egzersizatolyesi.com\/tr\/wp-content\/uploads\/2018\/09\/computational-2048166.jpg","width":6144,"height":4069},{"@type":"BreadcrumbList","@id":"https:\/\/egzersizatolyesi.com\/tr\/bize-ulasin\/#breadcrumb","itemListElement":[{"@type":"ListItem","position":1,"name":"Anasayfa","item":"https:\/\/egzersizatolyesi.com\/tr\/"},{"@type":"ListItem","position":2,"name":"Bize ula\u015f\u0131n"}]},{"@type":"WebSite","@id":"https:\/\/egzersizatolyesi.com\/tr\/#website","url":"https:\/\/egzersizatolyesi.com\/tr\/","name":"Egzersiz At\u00f6lyesi","description":"Ac\u0131badem Egzersiz At\u00f6lyesi","publisher":{"@id":"https:\/\/egzersizatolyesi.com\/tr\/#organization"},"potentialAction":[{"@type":"SearchAction","target":{"@type":"EntryPoint","urlTemplate":"https:\/\/egzersizatolyesi.com\/tr\/?s={search_term_string}"},"query-input":"required name=search_term_string"}],"inLanguage":"tr"},{"@type":"Organization","@id":"https:\/\/egzersizatolyesi.com\/tr\/#organization","name":"Egzersiz At\u00f6lyesi","url":"https:\/\/egzersizatolyesi.com\/tr\/","logo":{"@type":"ImageObject","inLanguage":"tr","@id":"https:\/\/egzersizatolyesi.com\/tr\/#\/schema\/logo\/image\/","url":"https:\/\/egzersizatolyesi.com\/tr\/wp-content\/uploads\/cropped-Egzersiz-Atolyesi-Logo.png","contentUrl":"https:\/\/egzersizatolyesi.com\/tr\/wp-content\/uploads\/cropped-Egzersiz-Atolyesi-Logo.png","width":360,"height":250,"caption":"Egzersiz At\u00f6lyesi"},"image":{"@id":"https:\/\/egzersizatolyesi.com\/tr\/#\/schema\/logo\/image\/"}}]}},"_links":{"self":[{"href":"https:\/\/egzersizatolyesi.com\/tr\/wp-json\/wp\/v2\/pages\/10"}],"collection":[{"href":"https:\/\/egzersizatolyesi.com\/tr\/wp-json\/wp\/v2\/pages"}],"about":[{"href":"https:\/\/egzersizatolyesi.com\/tr\/wp-json\/wp\/v2\/types\/page"}],"author":[{"embeddable":true,"href":"https:\/\/egzersizatolyesi.com\/tr\/wp-json\/wp\/v2\/users\/1"}],"replies":[{"embeddable":true,"href":"https:\/\/egzersizatolyesi.com\/tr\/wp-json\/wp\/v2\/comments?post=10"}],"version-history":[{"count":3,"href":"https:\/\/egzersizatolyesi.com\/tr\/wp-json\/wp\/v2\/pages\/10\/revisions"}],"predecessor-version":[{"id":84,"href":"https:\/\/egzersizatolyesi.com\/tr\/wp-json\/wp\/v2\/pages\/10\/revisions\/84"}],"wp:featuredmedia":[{"embeddable":true,"href":"https:\/\/egzersizatolyesi.com\/tr\/wp-json\/wp\/v2\/media\/77"}],"wp:attachment":[{"href":"https:\/\/egzersizatolyesi.com\/tr\/wp-json\/wp\/v2\/media?parent=10"}],"curies":[{"name":"wp","href":"https:\/\/api.w.org\/{rel}","templated":true}]}}