{"id":49,"date":"2018-09-18T11:25:35","date_gmt":"2018-09-18T11:25:35","guid":{"rendered":"http:\/\/egzersizatolyesi.com\/tr\/?page_id=49"},"modified":"2018-09-18T22:26:37","modified_gmt":"2018-09-18T19:26:37","slug":"galeri","status":"publish","type":"page","link":"https:\/\/egzersizatolyesi.com\/tr\/galeri\/","title":{"rendered":"Galeri"},"content":{"rendered":"<!-- index.php -->\n<div\n\tclass=\"ngg-galleryoverview ngg-ajax-pagination-none\"\n\tid=\"ngg-gallery-664ebc23661cb3e0155614bc92439714-1\">\n\n    \t<div class=\"slideshowlink\">\n        <a href='https:\/\/egzersizatolyesi.com\/tr\/galeri\/nggallery\/slideshow'>&#091;Show slideshow&#093;<\/a>\n\t\t\n\t<\/div>\n\t\t\t<!-- Thumbnails -->\n\t\t\t\t<div id=\"ngg-image-0\" class=\"ngg-gallery-thumbnail-box\" >\n\t\t\t\t        <div class=\"ngg-gallery-thumbnail\">\n            <a href=\"https:\/\/egzersizatolyesi.com\/tr\/wp-content\/gallery\/galeri\/01.jpg\"\n               title=\"\"\n               data-src=\"https:\/\/egzersizatolyesi.com\/tr\/wp-content\/gallery\/galeri\/01.jpg\"\n               data-thumbnail=\"https:\/\/egzersizatolyesi.com\/tr\/wp-content\/gallery\/galeri\/thumbs\/thumbs_01.jpg\"\n               data-image-id=\"21\"\n               data-title=\"01\"\n               data-description=\"\"\n               data-image-slug=\"01\"\n               class=\"ngg-fancybox\" rel=\"664ebc23661cb3e0155614bc92439714\">\n                <img\n                    title=\"01\"\n                    alt=\"01\"\n                    src=\"https:\/\/egzersizatolyesi.com\/tr\/wp-content\/gallery\/galeri\/thumbs\/thumbs_01.jpg\"\n                    width=\"240\"\n                    height=\"160\"\n                    style=\"max-width:100%;\"\n                \/>\n            <\/a>\n        <\/div>\n\t\t\t\t\t\t\t<\/div> \n\t\t\t\n        \n\t\t\t\t<div id=\"ngg-image-1\" class=\"ngg-gallery-thumbnail-box\" >\n\t\t\t\t        <div class=\"ngg-gallery-thumbnail\">\n            <a href=\"https:\/\/egzersizatolyesi.com\/tr\/wp-content\/gallery\/galeri\/02.jpg\"\n               title=\"\"\n               data-src=\"https:\/\/egzersizatolyesi.com\/tr\/wp-content\/gallery\/galeri\/02.jpg\"\n               data-thumbnail=\"https:\/\/egzersizatolyesi.com\/tr\/wp-content\/gallery\/galeri\/thumbs\/thumbs_02.jpg\"\n               data-image-id=\"22\"\n               data-title=\"02\"\n               data-description=\"\"\n               data-image-slug=\"02\"\n               class=\"ngg-fancybox\" rel=\"664ebc23661cb3e0155614bc92439714\">\n                <img\n                    title=\"02\"\n                    alt=\"02\"\n                    src=\"https:\/\/egzersizatolyesi.com\/tr\/wp-content\/gallery\/galeri\/thumbs\/thumbs_02.jpg\"\n                    width=\"240\"\n                    height=\"160\"\n                    style=\"max-width:100%;\"\n                \/>\n            <\/a>\n        <\/div>\n\t\t\t\t\t\t\t<\/div> \n\t\t\t\n        \n\t\t\t\t<div id=\"ngg-image-2\" class=\"ngg-gallery-thumbnail-box\" >\n\t\t\t\t        <div class=\"ngg-gallery-thumbnail\">\n            <a href=\"https:\/\/egzersizatolyesi.com\/tr\/wp-content\/gallery\/galeri\/03.jpg\"\n               title=\"\"\n               data-src=\"https:\/\/egzersizatolyesi.com\/tr\/wp-content\/gallery\/galeri\/03.jpg\"\n               data-thumbnail=\"https:\/\/egzersizatolyesi.com\/tr\/wp-content\/gallery\/galeri\/thumbs\/thumbs_03.jpg\"\n               data-image-id=\"23\"\n               data-title=\"03\"\n               data-description=\"\"\n               data-image-slug=\"03\"\n               class=\"ngg-fancybox\" rel=\"664ebc23661cb3e0155614bc92439714\">\n                <img\n                    title=\"03\"\n                    alt=\"03\"\n                    src=\"https:\/\/egzersizatolyesi.com\/tr\/wp-content\/gallery\/galeri\/thumbs\/thumbs_03.jpg\"\n                    width=\"240\"\n                    height=\"160\"\n                    style=\"max-width:100%;\"\n                \/>\n            <\/a>\n        <\/div>\n\t\t\t\t\t\t\t<\/div> \n\t\t\t\n        \n\t\t\t\t<div id=\"ngg-image-3\" class=\"ngg-gallery-thumbnail-box\" >\n\t\t\t\t        <div class=\"ngg-gallery-thumbnail\">\n            <a href=\"https:\/\/egzersizatolyesi.com\/tr\/wp-content\/gallery\/galeri\/04.jpg\"\n               title=\"\"\n               data-src=\"https:\/\/egzersizatolyesi.com\/tr\/wp-content\/gallery\/galeri\/04.jpg\"\n               data-thumbnail=\"https:\/\/egzersizatolyesi.com\/tr\/wp-content\/gallery\/galeri\/thumbs\/thumbs_04.jpg\"\n               data-image-id=\"24\"\n               data-title=\"04\"\n               data-description=\"\"\n               data-image-slug=\"04\"\n               class=\"ngg-fancybox\" rel=\"664ebc23661cb3e0155614bc92439714\">\n                <img\n                    title=\"04\"\n                    alt=\"04\"\n                    src=\"https:\/\/egzersizatolyesi.com\/tr\/wp-content\/gallery\/galeri\/thumbs\/thumbs_04.jpg\"\n                    width=\"240\"\n                    height=\"160\"\n                    style=\"max-width:100%;\"\n                \/>\n            <\/a>\n        <\/div>\n\t\t\t\t\t\t\t<\/div> \n\t\t\t\n        \n\t\t\t\t<div id=\"ngg-image-4\" class=\"ngg-gallery-thumbnail-box\" >\n\t\t\t\t        <div class=\"ngg-gallery-thumbnail\">\n            <a href=\"https:\/\/egzersizatolyesi.com\/tr\/wp-content\/gallery\/galeri\/05.jpg\"\n               title=\"\"\n               data-src=\"https:\/\/egzersizatolyesi.com\/tr\/wp-content\/gallery\/galeri\/05.jpg\"\n               data-thumbnail=\"https:\/\/egzersizatolyesi.com\/tr\/wp-content\/gallery\/galeri\/thumbs\/thumbs_05.jpg\"\n               data-image-id=\"25\"\n               data-title=\"05\"\n               data-description=\"\"\n               data-image-slug=\"05\"\n               class=\"ngg-fancybox\" rel=\"664ebc23661cb3e0155614bc92439714\">\n                <img\n                    title=\"05\"\n                    alt=\"05\"\n                    src=\"https:\/\/egzersizatolyesi.com\/tr\/wp-content\/gallery\/galeri\/thumbs\/thumbs_05.jpg\"\n                    width=\"240\"\n                    height=\"160\"\n                    style=\"max-width:100%;\"\n                \/>\n            <\/a>\n        <\/div>\n\t\t\t\t\t\t\t<\/div> \n\t\t\t\n        \n\t\t\t\t<div id=\"ngg-image-5\" class=\"ngg-gallery-thumbnail-box\" >\n\t\t\t\t        <div class=\"ngg-gallery-thumbnail\">\n            <a href=\"https:\/\/egzersizatolyesi.com\/tr\/wp-content\/gallery\/galeri\/06.jpg\"\n               title=\"\"\n               data-src=\"https:\/\/egzersizatolyesi.com\/tr\/wp-content\/gallery\/galeri\/06.jpg\"\n               data-thumbnail=\"https:\/\/egzersizatolyesi.com\/tr\/wp-content\/gallery\/galeri\/thumbs\/thumbs_06.jpg\"\n               data-image-id=\"26\"\n               data-title=\"06\"\n               data-description=\"\"\n               data-image-slug=\"06\"\n               class=\"ngg-fancybox\" rel=\"664ebc23661cb3e0155614bc92439714\">\n                <img\n                    title=\"06\"\n                    alt=\"06\"\n                    src=\"https:\/\/egzersizatolyesi.com\/tr\/wp-content\/gallery\/galeri\/thumbs\/thumbs_06.jpg\"\n                    width=\"240\"\n                    height=\"160\"\n                    style=\"max-width:100%;\"\n                \/>\n            <\/a>\n        <\/div>\n\t\t\t\t\t\t\t<\/div> \n\t\t\t\n        \n\t\t\t\t<div id=\"ngg-image-6\" class=\"ngg-gallery-thumbnail-box\" >\n\t\t\t\t        <div class=\"ngg-gallery-thumbnail\">\n            <a href=\"https:\/\/egzersizatolyesi.com\/tr\/wp-content\/gallery\/galeri\/07.jpg\"\n               title=\"\"\n               data-src=\"https:\/\/egzersizatolyesi.com\/tr\/wp-content\/gallery\/galeri\/07.jpg\"\n               data-thumbnail=\"https:\/\/egzersizatolyesi.com\/tr\/wp-content\/gallery\/galeri\/thumbs\/thumbs_07.jpg\"\n               data-image-id=\"27\"\n               data-title=\"07\"\n               data-description=\"\"\n               data-image-slug=\"07\"\n               class=\"ngg-fancybox\" rel=\"664ebc23661cb3e0155614bc92439714\">\n                <img\n                    title=\"07\"\n                    alt=\"07\"\n                    src=\"https:\/\/egzersizatolyesi.com\/tr\/wp-content\/gallery\/galeri\/thumbs\/thumbs_07.jpg\"\n                    width=\"240\"\n                    height=\"160\"\n                    style=\"max-width:100%;\"\n                \/>\n            <\/a>\n        <\/div>\n\t\t\t\t\t\t\t<\/div> \n\t\t\t\n        \n\t\t\t\t<div id=\"ngg-image-7\" class=\"ngg-gallery-thumbnail-box\" >\n\t\t\t\t        <div class=\"ngg-gallery-thumbnail\">\n            <a href=\"https:\/\/egzersizatolyesi.com\/tr\/wp-content\/gallery\/galeri\/08.jpg\"\n               title=\"\"\n               data-src=\"https:\/\/egzersizatolyesi.com\/tr\/wp-content\/gallery\/galeri\/08.jpg\"\n               data-thumbnail=\"https:\/\/egzersizatolyesi.com\/tr\/wp-content\/gallery\/galeri\/thumbs\/thumbs_08.jpg\"\n               data-image-id=\"28\"\n               data-title=\"08\"\n               data-description=\"\"\n               data-image-slug=\"08\"\n               class=\"ngg-fancybox\" rel=\"664ebc23661cb3e0155614bc92439714\">\n                <img\n                    title=\"08\"\n                    alt=\"08\"\n                    src=\"https:\/\/egzersizatolyesi.com\/tr\/wp-content\/gallery\/galeri\/thumbs\/thumbs_08.jpg\"\n                    width=\"240\"\n                    height=\"160\"\n                    style=\"max-width:100%;\"\n                \/>\n            <\/a>\n        <\/div>\n\t\t\t\t\t\t\t<\/div> \n\t\t\t\n        \n\t\t\t\t<div id=\"ngg-image-8\" class=\"ngg-gallery-thumbnail-box\" >\n\t\t\t\t        <div class=\"ngg-gallery-thumbnail\">\n            <a href=\"https:\/\/egzersizatolyesi.com\/tr\/wp-content\/gallery\/galeri\/09.jpg\"\n               title=\"\"\n               data-src=\"https:\/\/egzersizatolyesi.com\/tr\/wp-content\/gallery\/galeri\/09.jpg\"\n               data-thumbnail=\"https:\/\/egzersizatolyesi.com\/tr\/wp-content\/gallery\/galeri\/thumbs\/thumbs_09.jpg\"\n               data-image-id=\"29\"\n               data-title=\"09\"\n               data-description=\"\"\n               data-image-slug=\"09\"\n               class=\"ngg-fancybox\" rel=\"664ebc23661cb3e0155614bc92439714\">\n                <img\n                    title=\"09\"\n                    alt=\"09\"\n                    src=\"https:\/\/egzersizatolyesi.com\/tr\/wp-content\/gallery\/galeri\/thumbs\/thumbs_09.jpg\"\n                    width=\"240\"\n                    height=\"160\"\n                    style=\"max-width:100%;\"\n                \/>\n            <\/a>\n        <\/div>\n\t\t\t\t\t\t\t<\/div> \n\t\t\t\n        \n\t\t\t\t<div id=\"ngg-image-9\" class=\"ngg-gallery-thumbnail-box\" >\n\t\t\t\t        <div class=\"ngg-gallery-thumbnail\">\n            <a href=\"https:\/\/egzersizatolyesi.com\/tr\/wp-content\/gallery\/galeri\/10.jpg\"\n               title=\"\"\n               data-src=\"https:\/\/egzersizatolyesi.com\/tr\/wp-content\/gallery\/galeri\/10.jpg\"\n               data-thumbnail=\"https:\/\/egzersizatolyesi.com\/tr\/wp-content\/gallery\/galeri\/thumbs\/thumbs_10.jpg\"\n               data-image-id=\"30\"\n               data-title=\"10\"\n               data-description=\"\"\n               data-image-slug=\"10\"\n               class=\"ngg-fancybox\" rel=\"664ebc23661cb3e0155614bc92439714\">\n                <img\n                    title=\"10\"\n                    alt=\"10\"\n                    src=\"https:\/\/egzersizatolyesi.com\/tr\/wp-content\/gallery\/galeri\/thumbs\/thumbs_10.jpg\"\n                    width=\"240\"\n                    height=\"160\"\n                    style=\"max-width:100%;\"\n                \/>\n            <\/a>\n        <\/div>\n\t\t\t\t\t\t\t<\/div> \n\t\t\t\n        \n\t\t\t\t<div id=\"ngg-image-10\" class=\"ngg-gallery-thumbnail-box\" >\n\t\t\t\t        <div class=\"ngg-gallery-thumbnail\">\n            <a href=\"https:\/\/egzersizatolyesi.com\/tr\/wp-content\/gallery\/galeri\/11.jpg\"\n               title=\"\"\n               data-src=\"https:\/\/egzersizatolyesi.com\/tr\/wp-content\/gallery\/galeri\/11.jpg\"\n               data-thumbnail=\"https:\/\/egzersizatolyesi.com\/tr\/wp-content\/gallery\/galeri\/thumbs\/thumbs_11.jpg\"\n               data-image-id=\"31\"\n               data-title=\"11\"\n               data-description=\"\"\n               data-image-slug=\"11\"\n               class=\"ngg-fancybox\" rel=\"664ebc23661cb3e0155614bc92439714\">\n                <img\n                    title=\"11\"\n                    alt=\"11\"\n                    src=\"https:\/\/egzersizatolyesi.com\/tr\/wp-content\/gallery\/galeri\/thumbs\/thumbs_11.jpg\"\n                    width=\"240\"\n                    height=\"160\"\n                    style=\"max-width:100%;\"\n                \/>\n            <\/a>\n        <\/div>\n\t\t\t\t\t\t\t<\/div> \n\t\t\t\n        \n\t\t\t\t<div id=\"ngg-image-11\" class=\"ngg-gallery-thumbnail-box\" >\n\t\t\t\t        <div class=\"ngg-gallery-thumbnail\">\n            <a href=\"https:\/\/egzersizatolyesi.com\/tr\/wp-content\/gallery\/galeri\/12.jpg\"\n               title=\"\"\n               data-src=\"https:\/\/egzersizatolyesi.com\/tr\/wp-content\/gallery\/galeri\/12.jpg\"\n               data-thumbnail=\"https:\/\/egzersizatolyesi.com\/tr\/wp-content\/gallery\/galeri\/thumbs\/thumbs_12.jpg\"\n               data-image-id=\"32\"\n               data-title=\"12\"\n               data-description=\"\"\n               data-image-slug=\"12\"\n               class=\"ngg-fancybox\" rel=\"664ebc23661cb3e0155614bc92439714\">\n                <img\n                    title=\"12\"\n                    alt=\"12\"\n                    src=\"https:\/\/egzersizatolyesi.com\/tr\/wp-content\/gallery\/galeri\/thumbs\/thumbs_12.jpg\"\n                    width=\"240\"\n                    height=\"160\"\n                    style=\"max-width:100%;\"\n                \/>\n            <\/a>\n        <\/div>\n\t\t\t\t\t\t\t<\/div> \n\t\t\t\n        \n\t\t\t\t<div id=\"ngg-image-12\" class=\"ngg-gallery-thumbnail-box\" >\n\t\t\t\t        <div class=\"ngg-gallery-thumbnail\">\n            <a href=\"https:\/\/egzersizatolyesi.com\/tr\/wp-content\/gallery\/galeri\/13.jpg\"\n               title=\"\"\n               data-src=\"https:\/\/egzersizatolyesi.com\/tr\/wp-content\/gallery\/galeri\/13.jpg\"\n               data-thumbnail=\"https:\/\/egzersizatolyesi.com\/tr\/wp-content\/gallery\/galeri\/thumbs\/thumbs_13.jpg\"\n               data-image-id=\"33\"\n               data-title=\"13\"\n               data-description=\"\"\n               data-image-slug=\"13\"\n               class=\"ngg-fancybox\" rel=\"664ebc23661cb3e0155614bc92439714\">\n                <img\n                    title=\"13\"\n                    alt=\"13\"\n                    src=\"https:\/\/egzersizatolyesi.com\/tr\/wp-content\/gallery\/galeri\/thumbs\/thumbs_13.jpg\"\n                    width=\"240\"\n                    height=\"160\"\n                    style=\"max-width:100%;\"\n                \/>\n            <\/a>\n        <\/div>\n\t\t\t\t\t\t\t<\/div> \n\t\t\t\n        \n\t\t\t\t<div id=\"ngg-image-13\" class=\"ngg-gallery-thumbnail-box\" >\n\t\t\t\t        <div class=\"ngg-gallery-thumbnail\">\n            <a href=\"https:\/\/egzersizatolyesi.com\/tr\/wp-content\/gallery\/galeri\/14.jpg\"\n               title=\"\"\n               data-src=\"https:\/\/egzersizatolyesi.com\/tr\/wp-content\/gallery\/galeri\/14.jpg\"\n               data-thumbnail=\"https:\/\/egzersizatolyesi.com\/tr\/wp-content\/gallery\/galeri\/thumbs\/thumbs_14.jpg\"\n               data-image-id=\"34\"\n               data-title=\"14\"\n               data-description=\"\"\n               data-image-slug=\"14\"\n               class=\"ngg-fancybox\" rel=\"664ebc23661cb3e0155614bc92439714\">\n                <img\n                    title=\"14\"\n                    alt=\"14\"\n                    src=\"https:\/\/egzersizatolyesi.com\/tr\/wp-content\/gallery\/galeri\/thumbs\/thumbs_14.jpg\"\n                    width=\"240\"\n                    height=\"160\"\n                    style=\"max-width:100%;\"\n                \/>\n            <\/a>\n        <\/div>\n\t\t\t\t\t\t\t<\/div> \n\t\t\t\n        \n\t\t\t\t<div id=\"ngg-image-14\" class=\"ngg-gallery-thumbnail-box\" >\n\t\t\t\t        <div class=\"ngg-gallery-thumbnail\">\n            <a href=\"https:\/\/egzersizatolyesi.com\/tr\/wp-content\/gallery\/galeri\/15.jpg\"\n               title=\"\"\n               data-src=\"https:\/\/egzersizatolyesi.com\/tr\/wp-content\/gallery\/galeri\/15.jpg\"\n               data-thumbnail=\"https:\/\/egzersizatolyesi.com\/tr\/wp-content\/gallery\/galeri\/thumbs\/thumbs_15.jpg\"\n               data-image-id=\"35\"\n               data-title=\"15\"\n               data-description=\"\"\n               data-image-slug=\"15\"\n               class=\"ngg-fancybox\" rel=\"664ebc23661cb3e0155614bc92439714\">\n                <img\n                    title=\"15\"\n                    alt=\"15\"\n                    src=\"https:\/\/egzersizatolyesi.com\/tr\/wp-content\/gallery\/galeri\/thumbs\/thumbs_15.jpg\"\n                    width=\"240\"\n                    height=\"160\"\n                    style=\"max-width:100%;\"\n                \/>\n            <\/a>\n        <\/div>\n\t\t\t\t\t\t\t<\/div> \n\t\t\t\n        \n\t\t\t\t<div id=\"ngg-image-15\" class=\"ngg-gallery-thumbnail-box\" >\n\t\t\t\t        <div class=\"ngg-gallery-thumbnail\">\n            <a href=\"https:\/\/egzersizatolyesi.com\/tr\/wp-content\/gallery\/galeri\/16.jpg\"\n               title=\"\"\n               data-src=\"https:\/\/egzersizatolyesi.com\/tr\/wp-content\/gallery\/galeri\/16.jpg\"\n               data-thumbnail=\"https:\/\/egzersizatolyesi.com\/tr\/wp-content\/gallery\/galeri\/thumbs\/thumbs_16.jpg\"\n               data-image-id=\"36\"\n               data-title=\"16\"\n               data-description=\"\"\n               data-image-slug=\"16\"\n               class=\"ngg-fancybox\" rel=\"664ebc23661cb3e0155614bc92439714\">\n                <img\n                    title=\"16\"\n                    alt=\"16\"\n                    src=\"https:\/\/egzersizatolyesi.com\/tr\/wp-content\/gallery\/galeri\/thumbs\/thumbs_16.jpg\"\n                    width=\"240\"\n                    height=\"160\"\n                    style=\"max-width:100%;\"\n                \/>\n            <\/a>\n        <\/div>\n\t\t\t\t\t\t\t<\/div> \n\t\t\t\n        \n\t\t\n\t\t<!-- Pagination -->\n\t<div class='ngg-clear'><\/div>\t<\/div>\n\n","protected":false},"excerpt":{"rendered":"<p>&#8221; order_by=&#8221;sortorder&#8221; order_direction=&#8221;ASC&#8221; returns=&#8221;included&#8221; maximum_entity_count=&#8221;500&#8243;]<\/p>\n","protected":false},"author":1,"featured_media":0,"parent":0,"menu_order":0,"comment_status":"closed","ping_status":"closed","template":"","meta":{"ngg_post_thumbnail":0,"footnotes":""},"yoast_head":"<!-- This site is optimized with the Yoast SEO plugin v22.5 - https:\/\/yoast.com\/wordpress\/plugins\/seo\/ -->\n<title>Galeri - Egzersiz At\u00f6lyesi<\/title>\n<meta name=\"robots\" content=\"index, follow, max-snippet:-1, max-image-preview:large, max-video-preview:-1\" \/>\n<link rel=\"canonical\" href=\"https:\/\/egzersizatolyesi.com\/tr\/galeri\/\" \/>\n<meta property=\"og:locale\" content=\"tr_TR\" \/>\n<meta property=\"og:type\" content=\"article\" \/>\n<meta property=\"og:title\" content=\"Galeri - Egzersiz At\u00f6lyesi\" \/>\n<meta property=\"og:description\" content=\"&#8221; order_by=&#8221;sortorder&#8221; order_direction=&#8221;ASC&#8221; returns=&#8221;included&#8221; maximum_entity_count=&#8221;500&#8243;]\" \/>\n<meta property=\"og:url\" content=\"https:\/\/egzersizatolyesi.com\/tr\/galeri\/\" \/>\n<meta property=\"og:site_name\" content=\"Egzersiz At\u00f6lyesi\" \/>\n<meta property=\"article:modified_time\" content=\"2018-09-18T19:26:37+00:00\" \/>\n<meta name=\"twitter:card\" content=\"summary_large_image\" \/>\n<script type=\"application\/ld+json\" class=\"yoast-schema-graph\">{\"@context\":\"https:\/\/schema.org\",\"@graph\":[{\"@type\":\"WebPage\",\"@id\":\"https:\/\/egzersizatolyesi.com\/tr\/galeri\/\",\"url\":\"https:\/\/egzersizatolyesi.com\/tr\/galeri\/\",\"name\":\"Galeri - Egzersiz At\u00f6lyesi\",\"isPartOf\":{\"@id\":\"https:\/\/egzersizatolyesi.com\/tr\/#website\"},\"datePublished\":\"2018-09-18T11:25:35+00:00\",\"dateModified\":\"2018-09-18T19:26:37+00:00\",\"breadcrumb\":{\"@id\":\"https:\/\/egzersizatolyesi.com\/tr\/galeri\/#breadcrumb\"},\"inLanguage\":\"tr\",\"potentialAction\":[{\"@type\":\"ReadAction\",\"target\":[\"https:\/\/egzersizatolyesi.com\/tr\/galeri\/\"]}]},{\"@type\":\"BreadcrumbList\",\"@id\":\"https:\/\/egzersizatolyesi.com\/tr\/galeri\/#breadcrumb\",\"itemListElement\":[{\"@type\":\"ListItem\",\"position\":1,\"name\":\"Anasayfa\",\"item\":\"https:\/\/egzersizatolyesi.com\/tr\/\"},{\"@type\":\"ListItem\",\"position\":2,\"name\":\"Galeri\"}]},{\"@type\":\"WebSite\",\"@id\":\"https:\/\/egzersizatolyesi.com\/tr\/#website\",\"url\":\"https:\/\/egzersizatolyesi.com\/tr\/\",\"name\":\"Egzersiz At\u00f6lyesi\",\"description\":\"Ac\u0131badem Egzersiz At\u00f6lyesi\",\"publisher\":{\"@id\":\"https:\/\/egzersizatolyesi.com\/tr\/#organization\"},\"potentialAction\":[{\"@type\":\"SearchAction\",\"target\":{\"@type\":\"EntryPoint\",\"urlTemplate\":\"https:\/\/egzersizatolyesi.com\/tr\/?s={search_term_string}\"},\"query-input\":\"required name=search_term_string\"}],\"inLanguage\":\"tr\"},{\"@type\":\"Organization\",\"@id\":\"https:\/\/egzersizatolyesi.com\/tr\/#organization\",\"name\":\"Egzersiz At\u00f6lyesi\",\"url\":\"https:\/\/egzersizatolyesi.com\/tr\/\",\"logo\":{\"@type\":\"ImageObject\",\"inLanguage\":\"tr\",\"@id\":\"https:\/\/egzersizatolyesi.com\/tr\/#\/schema\/logo\/image\/\",\"url\":\"https:\/\/egzersizatolyesi.com\/tr\/wp-content\/uploads\/cropped-Egzersiz-Atolyesi-Logo.png\",\"contentUrl\":\"https:\/\/egzersizatolyesi.com\/tr\/wp-content\/uploads\/cropped-Egzersiz-Atolyesi-Logo.png\",\"width\":360,\"height\":250,\"caption\":\"Egzersiz At\u00f6lyesi\"},\"image\":{\"@id\":\"https:\/\/egzersizatolyesi.com\/tr\/#\/schema\/logo\/image\/\"}}]}<\/script>\n<!-- \/ Yoast SEO plugin. -->","yoast_head_json":{"title":"Galeri - Egzersiz At\u00f6lyesi","robots":{"index":"index","follow":"follow","max-snippet":"max-snippet:-1","max-image-preview":"max-image-preview:large","max-video-preview":"max-video-preview:-1"},"canonical":"https:\/\/egzersizatolyesi.com\/tr\/galeri\/","og_locale":"tr_TR","og_type":"article","og_title":"Galeri - Egzersiz At\u00f6lyesi","og_description":"&#8221; order_by=&#8221;sortorder&#8221; order_direction=&#8221;ASC&#8221; returns=&#8221;included&#8221; maximum_entity_count=&#8221;500&#8243;]","og_url":"https:\/\/egzersizatolyesi.com\/tr\/galeri\/","og_site_name":"Egzersiz At\u00f6lyesi","article_modified_time":"2018-09-18T19:26:37+00:00","twitter_card":"summary_large_image","schema":{"@context":"https:\/\/schema.org","@graph":[{"@type":"WebPage","@id":"https:\/\/egzersizatolyesi.com\/tr\/galeri\/","url":"https:\/\/egzersizatolyesi.com\/tr\/galeri\/","name":"Galeri - Egzersiz At\u00f6lyesi","isPartOf":{"@id":"https:\/\/egzersizatolyesi.com\/tr\/#website"},"datePublished":"2018-09-18T11:25:35+00:00","dateModified":"2018-09-18T19:26:37+00:00","breadcrumb":{"@id":"https:\/\/egzersizatolyesi.com\/tr\/galeri\/#breadcrumb"},"inLanguage":"tr","potentialAction":[{"@type":"ReadAction","target":["https:\/\/egzersizatolyesi.com\/tr\/galeri\/"]}]},{"@type":"BreadcrumbList","@id":"https:\/\/egzersizatolyesi.com\/tr\/galeri\/#breadcrumb","itemListElement":[{"@type":"ListItem","position":1,"name":"Anasayfa","item":"https:\/\/egzersizatolyesi.com\/tr\/"},{"@type":"ListItem","position":2,"name":"Galeri"}]},{"@type":"WebSite","@id":"https:\/\/egzersizatolyesi.com\/tr\/#website","url":"https:\/\/egzersizatolyesi.com\/tr\/","name":"Egzersiz At\u00f6lyesi","description":"Ac\u0131badem Egzersiz At\u00f6lyesi","publisher":{"@id":"https:\/\/egzersizatolyesi.com\/tr\/#organization"},"potentialAction":[{"@type":"SearchAction","target":{"@type":"EntryPoint","urlTemplate":"https:\/\/egzersizatolyesi.com\/tr\/?s={search_term_string}"},"query-input":"required name=search_term_string"}],"inLanguage":"tr"},{"@type":"Organization","@id":"https:\/\/egzersizatolyesi.com\/tr\/#organization","name":"Egzersiz At\u00f6lyesi","url":"https:\/\/egzersizatolyesi.com\/tr\/","logo":{"@type":"ImageObject","inLanguage":"tr","@id":"https:\/\/egzersizatolyesi.com\/tr\/#\/schema\/logo\/image\/","url":"https:\/\/egzersizatolyesi.com\/tr\/wp-content\/uploads\/cropped-Egzersiz-Atolyesi-Logo.png","contentUrl":"https:\/\/egzersizatolyesi.com\/tr\/wp-content\/uploads\/cropped-Egzersiz-Atolyesi-Logo.png","width":360,"height":250,"caption":"Egzersiz At\u00f6lyesi"},"image":{"@id":"https:\/\/egzersizatolyesi.com\/tr\/#\/schema\/logo\/image\/"}}]}},"_links":{"self":[{"href":"https:\/\/egzersizatolyesi.com\/tr\/wp-json\/wp\/v2\/pages\/49"}],"collection":[{"href":"https:\/\/egzersizatolyesi.com\/tr\/wp-json\/wp\/v2\/pages"}],"about":[{"href":"https:\/\/egzersizatolyesi.com\/tr\/wp-json\/wp\/v2\/types\/page"}],"author":[{"embeddable":true,"href":"https:\/\/egzersizatolyesi.com\/tr\/wp-json\/wp\/v2\/users\/1"}],"replies":[{"embeddable":true,"href":"https:\/\/egzersizatolyesi.com\/tr\/wp-json\/wp\/v2\/comments?post=49"}],"version-history":[{"count":5,"href":"https:\/\/egzersizatolyesi.com\/tr\/wp-json\/wp\/v2\/pages\/49\/revisions"}],"predecessor-version":[{"id":100,"href":"https:\/\/egzersizatolyesi.com\/tr\/wp-json\/wp\/v2\/pages\/49\/revisions\/100"}],"wp:attachment":[{"href":"https:\/\/egzersizatolyesi.com\/tr\/wp-json\/wp\/v2\/media?parent=49"}],"curies":[{"name":"wp","href":"https:\/\/api.w.org\/{rel}","templated":true}]}}