{"id":8,"date":"2018-09-18T10:38:18","date_gmt":"2018-09-18T10:38:18","guid":{"rendered":"http:\/\/egzersizatolyesi.com\/tr\/?page_id=8"},"modified":"2024-04-18T11:16:14","modified_gmt":"2024-04-18T08:16:14","slug":"ana-sayfa","status":"publish","type":"page","link":"https:\/\/egzersizatolyesi.com\/tr\/","title":{"rendered":"Egzersiz At\u00f6lyesi"},"content":{"rendered":"<p>Egzersiz At\u00f6lyesi sa\u011fl\u0131kl\u0131 ya\u015fam felsefesi amac\u0131 ile kurulmu\u015ftur. V\u00fccudun ihtiya\u00e7lar\u0131na y\u00f6nelik ki\u015fiye \u00f6zel olarak planlanan farkl\u0131 antrenman se\u00e7enekleri ile bireylerin fiziksel, zihinsel ve ruhsal sa\u011fl\u0131klar\u0131n\u0131 desteklemek amac\u0131yla hizmet veren \u00f6zel bir \u00e7al\u0131\u015fma ortam\u0131 sunmaktad\u0131r.<\/p>\n<p>At\u00f6lyede Pilates (Reformer, Cadillac, Chair, Mat), Fonksiyonel Antrenman, Fitness, Yoga ve Nefes Egzersizleri ve Temel Cimnastik bran\u015flar\u0131nda alan\u0131nda uzun y\u0131llar\u0131n tecr\u00fcbesini ta\u015f\u0131yan deneyimli ve&nbsp; uzman e\u011fitmenler e\u015fli\u011finde her seviyeye uygun programlar y\u00fcr\u00fct\u00fclmektedir.<\/p>\n<p>Egzersiz At\u00f6lyesi bilimsel veriler do\u011frultusunda ki\u015filerin fiziksel sa\u011fl\u0131\u011f\u0131n\u0131n korunmas\u0131, geli\u015ftirilmesi ve fiziksel ya\u015fam \u015fartlar\u0131n\u0131n iyile\u015ftirilmesini hedef alan \u00e7al\u0131\u015fma prensibiyle \u00dcsk\u00fcdar Ac\u0131badem de hizmet vermektedir.<\/p>\n","protected":false},"excerpt":{"rendered":"<p>Egzersiz At\u00f6lyesi sa\u011fl\u0131kl\u0131 ya\u015fam felsefesi amac\u0131 ile kurulmu\u015ftur. V\u00fccudun ihtiya\u00e7lar\u0131na y\u00f6nelik ki\u015fiye \u00f6zel olarak planlanan farkl\u0131 antrenman se\u00e7enekleri ile bireylerin fiziksel, zihinsel ve ruhsal sa\u011fl\u0131klar\u0131n\u0131 desteklemek amac\u0131yla hizmet veren \u00f6zel bir \u00e7al\u0131\u015fma ortam\u0131 sunmaktad\u0131r. At\u00f6lyede Pilates (Reformer, Cadillac, Chair, Mat), Fonksiyonel Antrenman, Fitness, Yoga ve Nefes Egzersizleri ve Temel Cimnastik bran\u015flar\u0131nda alan\u0131nda uzun y\u0131llar\u0131n tecr\u00fcbesini &hellip; <\/p>\n<p class=\"link-more\"><a href=\"https:\/\/egzersizatolyesi.com\/tr\/\" class=\"more-link\">Okumaya devam et<span class=\"screen-reader-text\"> &#8220;Egzersiz At\u00f6lyesi&#8221;<\/span><\/a><\/p>\n","protected":false},"author":1,"featured_media":0,"parent":0,"menu_order":0,"comment_status":"closed","ping_status":"closed","template":"","meta":{"ngg_post_thumbnail":0,"footnotes":""},"yoast_head":"<!-- This site is optimized with the Yoast SEO plugin v22.5 - https:\/\/yoast.com\/wordpress\/plugins\/seo\/ -->\n<title>Ac\u0131badem&#039;de Pilates St\u00fcdyosu - Esneklik ve G\u00fc\u00e7 \u0130\u00e7in En \u0130yi Yer<\/title>\n<meta name=\"description\" content=\"Ac\u0131badem&#039;deki pilates reformer ve fonksiyonel antrenman st\u00fcdyomuzda bedeninizi ve zihninizi g\u00fc\u00e7lendirin. Uzman e\u011fitmenlerimizle esneklik, denge ve g\u00fc\u00e7 kazan\u0131n. \u0130htiyac\u0131n\u0131za uygun pilates derslerimizle tan\u0131\u015f\u0131n ve sa\u011fl\u0131kl\u0131 bir ya\u015fam i\u00e7in bug\u00fcn kaydolun!\" \/>\n<meta name=\"robots\" content=\"index, follow, max-snippet:-1, max-image-preview:large, max-video-preview:-1\" \/>\n<link rel=\"canonical\" href=\"https:\/\/egzersizatolyesi.com\/tr\/\" \/>\n<meta property=\"og:locale\" content=\"tr_TR\" \/>\n<meta property=\"og:type\" content=\"article\" \/>\n<meta property=\"og:title\" content=\"Ac\u0131badem&#039;de Pilates St\u00fcdyosu - Esneklik ve G\u00fc\u00e7 \u0130\u00e7in En \u0130yi Yer\" \/>\n<meta property=\"og:description\" content=\"Ac\u0131badem&#039;deki pilates reformer ve fonksiyonel antrenman st\u00fcdyomuzda bedeninizi ve zihninizi g\u00fc\u00e7lendirin. Uzman e\u011fitmenlerimizle esneklik, denge ve g\u00fc\u00e7 kazan\u0131n. \u0130htiyac\u0131n\u0131za uygun pilates derslerimizle tan\u0131\u015f\u0131n ve sa\u011fl\u0131kl\u0131 bir ya\u015fam i\u00e7in bug\u00fcn kaydolun!\" \/>\n<meta property=\"og:url\" content=\"https:\/\/egzersizatolyesi.com\/tr\/\" \/>\n<meta property=\"og:site_name\" content=\"Egzersiz At\u00f6lyesi\" \/>\n<meta property=\"article:modified_time\" content=\"2024-04-18T08:16:14+00:00\" \/>\n<meta name=\"twitter:card\" content=\"summary_large_image\" \/>\n<meta name=\"twitter:label1\" content=\"Tahmini okuma s\u00fcresi\" \/>\n\t<meta name=\"twitter:data1\" content=\"1 dakika\" \/>\n<script type=\"application\/ld+json\" class=\"yoast-schema-graph\">{\"@context\":\"https:\/\/schema.org\",\"@graph\":[{\"@type\":\"WebPage\",\"@id\":\"https:\/\/egzersizatolyesi.com\/tr\/\",\"url\":\"https:\/\/egzersizatolyesi.com\/tr\/\",\"name\":\"Ac\u0131badem'de Pilates St\u00fcdyosu - Esneklik ve G\u00fc\u00e7 \u0130\u00e7in En \u0130yi Yer\",\"isPartOf\":{\"@id\":\"https:\/\/egzersizatolyesi.com\/tr\/#website\"},\"datePublished\":\"2018-09-18T10:38:18+00:00\",\"dateModified\":\"2024-04-18T08:16:14+00:00\",\"description\":\"Ac\u0131badem'deki pilates reformer ve fonksiyonel antrenman st\u00fcdyomuzda bedeninizi ve zihninizi g\u00fc\u00e7lendirin. Uzman e\u011fitmenlerimizle esneklik, denge ve g\u00fc\u00e7 kazan\u0131n. \u0130htiyac\u0131n\u0131za uygun pilates derslerimizle tan\u0131\u015f\u0131n ve sa\u011fl\u0131kl\u0131 bir ya\u015fam i\u00e7in bug\u00fcn kaydolun!\",\"breadcrumb\":{\"@id\":\"https:\/\/egzersizatolyesi.com\/tr\/#breadcrumb\"},\"inLanguage\":\"tr\",\"potentialAction\":[{\"@type\":\"ReadAction\",\"target\":[\"https:\/\/egzersizatolyesi.com\/tr\/\"]}]},{\"@type\":\"BreadcrumbList\",\"@id\":\"https:\/\/egzersizatolyesi.com\/tr\/#breadcrumb\",\"itemListElement\":[{\"@type\":\"ListItem\",\"position\":1,\"name\":\"Anasayfa\",\"item\":\"https:\/\/egzersizatolyesi.com\/tr\/\"},{\"@type\":\"ListItem\",\"position\":2,\"name\":\"Egzersiz At\u00f6lyesi\"}]},{\"@type\":\"WebSite\",\"@id\":\"https:\/\/egzersizatolyesi.com\/tr\/#website\",\"url\":\"https:\/\/egzersizatolyesi.com\/tr\/\",\"name\":\"Egzersiz At\u00f6lyesi\",\"description\":\"Ac\u0131badem Egzersiz At\u00f6lyesi\",\"publisher\":{\"@id\":\"https:\/\/egzersizatolyesi.com\/tr\/#organization\"},\"potentialAction\":[{\"@type\":\"SearchAction\",\"target\":{\"@type\":\"EntryPoint\",\"urlTemplate\":\"https:\/\/egzersizatolyesi.com\/tr\/?s={search_term_string}\"},\"query-input\":\"required name=search_term_string\"}],\"inLanguage\":\"tr\"},{\"@type\":\"Organization\",\"@id\":\"https:\/\/egzersizatolyesi.com\/tr\/#organization\",\"name\":\"Egzersiz At\u00f6lyesi\",\"url\":\"https:\/\/egzersizatolyesi.com\/tr\/\",\"logo\":{\"@type\":\"ImageObject\",\"inLanguage\":\"tr\",\"@id\":\"https:\/\/egzersizatolyesi.com\/tr\/#\/schema\/logo\/image\/\",\"url\":\"https:\/\/egzersizatolyesi.com\/tr\/wp-content\/uploads\/cropped-Egzersiz-Atolyesi-Logo.png\",\"contentUrl\":\"https:\/\/egzersizatolyesi.com\/tr\/wp-content\/uploads\/cropped-Egzersiz-Atolyesi-Logo.png\",\"width\":360,\"height\":250,\"caption\":\"Egzersiz At\u00f6lyesi\"},\"image\":{\"@id\":\"https:\/\/egzersizatolyesi.com\/tr\/#\/schema\/logo\/image\/\"}}]}<\/script>\n<!-- \/ Yoast SEO plugin. -->","yoast_head_json":{"title":"Ac\u0131badem'de Pilates St\u00fcdyosu - Esneklik ve G\u00fc\u00e7 \u0130\u00e7in En \u0130yi Yer","description":"Ac\u0131badem'deki pilates reformer ve fonksiyonel antrenman st\u00fcdyomuzda bedeninizi ve zihninizi g\u00fc\u00e7lendirin. Uzman e\u011fitmenlerimizle esneklik, denge ve g\u00fc\u00e7 kazan\u0131n. \u0130htiyac\u0131n\u0131za uygun pilates derslerimizle tan\u0131\u015f\u0131n ve sa\u011fl\u0131kl\u0131 bir ya\u015fam i\u00e7in bug\u00fcn kaydolun!","robots":{"index":"index","follow":"follow","max-snippet":"max-snippet:-1","max-image-preview":"max-image-preview:large","max-video-preview":"max-video-preview:-1"},"canonical":"https:\/\/egzersizatolyesi.com\/tr\/","og_locale":"tr_TR","og_type":"article","og_title":"Ac\u0131badem'de Pilates St\u00fcdyosu - Esneklik ve G\u00fc\u00e7 \u0130\u00e7in En \u0130yi Yer","og_description":"Ac\u0131badem'deki pilates reformer ve fonksiyonel antrenman st\u00fcdyomuzda bedeninizi ve zihninizi g\u00fc\u00e7lendirin. Uzman e\u011fitmenlerimizle esneklik, denge ve g\u00fc\u00e7 kazan\u0131n. \u0130htiyac\u0131n\u0131za uygun pilates derslerimizle tan\u0131\u015f\u0131n ve sa\u011fl\u0131kl\u0131 bir ya\u015fam i\u00e7in bug\u00fcn kaydolun!","og_url":"https:\/\/egzersizatolyesi.com\/tr\/","og_site_name":"Egzersiz At\u00f6lyesi","article_modified_time":"2024-04-18T08:16:14+00:00","twitter_card":"summary_large_image","twitter_misc":{"Tahmini okuma s\u00fcresi":"1 dakika"},"schema":{"@context":"https:\/\/schema.org","@graph":[{"@type":"WebPage","@id":"https:\/\/egzersizatolyesi.com\/tr\/","url":"https:\/\/egzersizatolyesi.com\/tr\/","name":"Ac\u0131badem'de Pilates St\u00fcdyosu - Esneklik ve G\u00fc\u00e7 \u0130\u00e7in En \u0130yi Yer","isPartOf":{"@id":"https:\/\/egzersizatolyesi.com\/tr\/#website"},"datePublished":"2018-09-18T10:38:18+00:00","dateModified":"2024-04-18T08:16:14+00:00","description":"Ac\u0131badem'deki pilates reformer ve fonksiyonel antrenman st\u00fcdyomuzda bedeninizi ve zihninizi g\u00fc\u00e7lendirin. Uzman e\u011fitmenlerimizle esneklik, denge ve g\u00fc\u00e7 kazan\u0131n. \u0130htiyac\u0131n\u0131za uygun pilates derslerimizle tan\u0131\u015f\u0131n ve sa\u011fl\u0131kl\u0131 bir ya\u015fam i\u00e7in bug\u00fcn kaydolun!","breadcrumb":{"@id":"https:\/\/egzersizatolyesi.com\/tr\/#breadcrumb"},"inLanguage":"tr","potentialAction":[{"@type":"ReadAction","target":["https:\/\/egzersizatolyesi.com\/tr\/"]}]},{"@type":"BreadcrumbList","@id":"https:\/\/egzersizatolyesi.com\/tr\/#breadcrumb","itemListElement":[{"@type":"ListItem","position":1,"name":"Anasayfa","item":"https:\/\/egzersizatolyesi.com\/tr\/"},{"@type":"ListItem","position":2,"name":"Egzersiz At\u00f6lyesi"}]},{"@type":"WebSite","@id":"https:\/\/egzersizatolyesi.com\/tr\/#website","url":"https:\/\/egzersizatolyesi.com\/tr\/","name":"Egzersiz At\u00f6lyesi","description":"Ac\u0131badem Egzersiz At\u00f6lyesi","publisher":{"@id":"https:\/\/egzersizatolyesi.com\/tr\/#organization"},"potentialAction":[{"@type":"SearchAction","target":{"@type":"EntryPoint","urlTemplate":"https:\/\/egzersizatolyesi.com\/tr\/?s={search_term_string}"},"query-input":"required name=search_term_string"}],"inLanguage":"tr"},{"@type":"Organization","@id":"https:\/\/egzersizatolyesi.com\/tr\/#organization","name":"Egzersiz At\u00f6lyesi","url":"https:\/\/egzersizatolyesi.com\/tr\/","logo":{"@type":"ImageObject","inLanguage":"tr","@id":"https:\/\/egzersizatolyesi.com\/tr\/#\/schema\/logo\/image\/","url":"https:\/\/egzersizatolyesi.com\/tr\/wp-content\/uploads\/cropped-Egzersiz-Atolyesi-Logo.png","contentUrl":"https:\/\/egzersizatolyesi.com\/tr\/wp-content\/uploads\/cropped-Egzersiz-Atolyesi-Logo.png","width":360,"height":250,"caption":"Egzersiz At\u00f6lyesi"},"image":{"@id":"https:\/\/egzersizatolyesi.com\/tr\/#\/schema\/logo\/image\/"}}]}},"_links":{"self":[{"href":"https:\/\/egzersizatolyesi.com\/tr\/wp-json\/wp\/v2\/pages\/8"}],"collection":[{"href":"https:\/\/egzersizatolyesi.com\/tr\/wp-json\/wp\/v2\/pages"}],"about":[{"href":"https:\/\/egzersizatolyesi.com\/tr\/wp-json\/wp\/v2\/types\/page"}],"author":[{"embeddable":true,"href":"https:\/\/egzersizatolyesi.com\/tr\/wp-json\/wp\/v2\/users\/1"}],"replies":[{"embeddable":true,"href":"https:\/\/egzersizatolyesi.com\/tr\/wp-json\/wp\/v2\/comments?post=8"}],"version-history":[{"count":10,"href":"https:\/\/egzersizatolyesi.com\/tr\/wp-json\/wp\/v2\/pages\/8\/revisions"}],"predecessor-version":[{"id":567,"href":"https:\/\/egzersizatolyesi.com\/tr\/wp-json\/wp\/v2\/pages\/8\/revisions\/567"}],"wp:attachment":[{"href":"https:\/\/egzersizatolyesi.com\/tr\/wp-json\/wp\/v2\/media?parent=8"}],"curies":[{"name":"wp","href":"https:\/\/api.w.org\/{rel}","templated":true}]}}