{"id":9,"date":"2018-09-18T10:38:18","date_gmt":"2018-09-18T10:38:18","guid":{"rendered":"http:\/\/egzersizatolyesi.com\/tr\/?page_id=9"},"modified":"2023-11-20T12:20:44","modified_gmt":"2023-11-20T09:20:44","slug":"hakkimizda","status":"publish","type":"page","link":"https:\/\/egzersizatolyesi.com\/tr\/ana-sayfa\/hakkimizda\/","title":{"rendered":"Hakk\u0131m\u0131zda"},"content":{"rendered":"<p><strong>Biyografi<\/strong><\/p>\n<p><strong>Emrah YILDIRIM (Antren\u00f6r&amp;E\u011fitmen)<\/strong><\/p>\n<p>1988 y\u0131l\u0131nda Rize\u2019de do\u011fdu. \u0130lkokula \u0130stanbul\u2019da ba\u015flad\u0131. 7 ya\u015f\u0131nda basketbol ile ba\u015flayan spor hayat\u0131, ortaokulda iken beden e\u011fitimi \u00f6\u011fretmeninin atletizme y\u00f6nlendirmesiyle, lisansl\u0131 olarak, atletizm sporu ile sporculuk kariyerine devam etti.<\/p>\n<p>2006 y\u0131l\u0131nda Marmara \u00dcniversitesi Beden E\u011fitimi ve Spor Y\u00fcksek Okulu Antren\u00f6rl\u00fck E\u011fitimi b\u00f6l\u00fcm\u00fcne girmeye hak kazand\u0131. \u00d6\u011frencili\u011fi s\u00fcresince \u00e7e\u015fitli kurs ve sertifika (fitness, y\u00fczme, kuvvet ve kondisyon, pilates, ki\u015fiye \u00f6zel egzersiz) programlar\u0131na kat\u0131larak ayn\u0131 anda yar\u0131 zamanl\u0131 olarak antren\u00f6rl\u00fck yapmaya devam etti.<\/p>\n<p>2011 y\u0131l\u0131nda yine Marmara \u00dcniversitesi Sa\u011fl\u0131k Bilimleri Enstit\u00fcs\u00fc Beden E\u011fitimi ve Spor Anabilim dal\u0131nda, Hareket ve Antrenman Bilimleri alan\u0131nda y\u00fcksek lisans program\u0131na girmeye hak kazand\u0131.<\/p>\n<p>2010 y\u0131l\u0131ndan itibaren tam zamanl\u0131 olarak \u00e7e\u015fitli kurum ve kurulu\u015flarda bireysel fitnes ve pilates e\u011fitmenli\u011fi yapmaktad\u0131r. Bilimsel veriler do\u011frultusunda ki\u015filerin fiziksel sa\u011fl\u0131\u011f\u0131n\u0131n korunmas\u0131 ve geli\u015ftirilmesi, fiziksel ya\u015fam \u015fartlar\u0131n\u0131n iyile\u015ftirilmesi hedef al\u0131narak antren\u00f6rl\u00fc\u011fe devam etmektedir.<\/p>\n","protected":false},"excerpt":{"rendered":"<p>Biyografi Emrah YILDIRIM (Antren\u00f6r&amp;E\u011fitmen) 1988 y\u0131l\u0131nda Rize\u2019de do\u011fdu. \u0130lkokula \u0130stanbul\u2019da ba\u015flad\u0131. 7 ya\u015f\u0131nda basketbol ile ba\u015flayan spor hayat\u0131, ortaokulda iken beden e\u011fitimi \u00f6\u011fretmeninin atletizme y\u00f6nlendirmesiyle, lisansl\u0131 olarak, atletizm sporu ile sporculuk kariyerine devam etti. 2006 y\u0131l\u0131nda Marmara \u00dcniversitesi Beden E\u011fitimi ve Spor Y\u00fcksek Okulu Antren\u00f6rl\u00fck E\u011fitimi b\u00f6l\u00fcm\u00fcne girmeye hak kazand\u0131. \u00d6\u011frencili\u011fi s\u00fcresince \u00e7e\u015fitli kurs ve &hellip; <\/p>\n<p class=\"link-more\"><a href=\"https:\/\/egzersizatolyesi.com\/tr\/ana-sayfa\/hakkimizda\/\" class=\"more-link\">Okumaya devam et<span class=\"screen-reader-text\"> &#8220;Hakk\u0131m\u0131zda&#8221;<\/span><\/a><\/p>\n","protected":false},"author":1,"featured_media":248,"parent":8,"menu_order":0,"comment_status":"closed","ping_status":"closed","template":"","meta":{"ngg_post_thumbnail":0,"footnotes":""},"yoast_head":"<!-- This site is optimized with the Yoast SEO plugin v22.5 - https:\/\/yoast.com\/wordpress\/plugins\/seo\/ -->\n<title>Hakk\u0131m\u0131zda - Egzersiz At\u00f6lyesi<\/title>\n<meta name=\"robots\" content=\"index, follow, max-snippet:-1, max-image-preview:large, max-video-preview:-1\" \/>\n<link rel=\"canonical\" href=\"https:\/\/egzersizatolyesi.com\/tr\/ana-sayfa\/hakkimizda\/\" \/>\n<meta property=\"og:locale\" content=\"tr_TR\" \/>\n<meta property=\"og:type\" content=\"article\" \/>\n<meta property=\"og:title\" content=\"Hakk\u0131m\u0131zda - Egzersiz At\u00f6lyesi\" \/>\n<meta property=\"og:description\" content=\"Biyografi Emrah YILDIRIM (Antren\u00f6r&amp;E\u011fitmen) 1988 y\u0131l\u0131nda Rize\u2019de do\u011fdu. \u0130lkokula \u0130stanbul\u2019da ba\u015flad\u0131. 7 ya\u015f\u0131nda basketbol ile ba\u015flayan spor hayat\u0131, ortaokulda iken beden e\u011fitimi \u00f6\u011fretmeninin atletizme y\u00f6nlendirmesiyle, lisansl\u0131 olarak, atletizm sporu ile sporculuk kariyerine devam etti. 2006 y\u0131l\u0131nda Marmara \u00dcniversitesi Beden E\u011fitimi ve Spor Y\u00fcksek Okulu Antren\u00f6rl\u00fck E\u011fitimi b\u00f6l\u00fcm\u00fcne girmeye hak kazand\u0131. \u00d6\u011frencili\u011fi s\u00fcresince \u00e7e\u015fitli kurs ve &hellip; Okumaya devam et &quot;Hakk\u0131m\u0131zda&quot;\" \/>\n<meta property=\"og:url\" content=\"https:\/\/egzersizatolyesi.com\/tr\/ana-sayfa\/hakkimizda\/\" \/>\n<meta property=\"og:site_name\" content=\"Egzersiz At\u00f6lyesi\" \/>\n<meta property=\"article:modified_time\" content=\"2023-11-20T09:20:44+00:00\" \/>\n<meta property=\"og:image\" content=\"http:\/\/egzersizatolyesi.com\/tr\/wp-content\/uploads\/yoga-3053488_1280-e1542229315650.jpg\" \/>\n\t<meta property=\"og:image:width\" content=\"1270\" \/>\n\t<meta property=\"og:image:height\" content=\"422\" \/>\n\t<meta property=\"og:image:type\" content=\"image\/jpeg\" \/>\n<meta name=\"twitter:card\" content=\"summary_large_image\" \/>\n<meta name=\"twitter:label1\" content=\"Tahmini okuma s\u00fcresi\" \/>\n\t<meta name=\"twitter:data1\" content=\"1 dakika\" \/>\n<script type=\"application\/ld+json\" class=\"yoast-schema-graph\">{\"@context\":\"https:\/\/schema.org\",\"@graph\":[{\"@type\":\"WebPage\",\"@id\":\"https:\/\/egzersizatolyesi.com\/tr\/ana-sayfa\/hakkimizda\/\",\"url\":\"https:\/\/egzersizatolyesi.com\/tr\/ana-sayfa\/hakkimizda\/\",\"name\":\"Hakk\u0131m\u0131zda - Egzersiz At\u00f6lyesi\",\"isPartOf\":{\"@id\":\"https:\/\/egzersizatolyesi.com\/tr\/#website\"},\"primaryImageOfPage\":{\"@id\":\"https:\/\/egzersizatolyesi.com\/tr\/ana-sayfa\/hakkimizda\/#primaryimage\"},\"image\":{\"@id\":\"https:\/\/egzersizatolyesi.com\/tr\/ana-sayfa\/hakkimizda\/#primaryimage\"},\"thumbnailUrl\":\"https:\/\/egzersizatolyesi.com\/tr\/wp-content\/uploads\/yoga-3053488_1280-e1542229315650.jpg\",\"datePublished\":\"2018-09-18T10:38:18+00:00\",\"dateModified\":\"2023-11-20T09:20:44+00:00\",\"breadcrumb\":{\"@id\":\"https:\/\/egzersizatolyesi.com\/tr\/ana-sayfa\/hakkimizda\/#breadcrumb\"},\"inLanguage\":\"tr\",\"potentialAction\":[{\"@type\":\"ReadAction\",\"target\":[\"https:\/\/egzersizatolyesi.com\/tr\/ana-sayfa\/hakkimizda\/\"]}]},{\"@type\":\"ImageObject\",\"inLanguage\":\"tr\",\"@id\":\"https:\/\/egzersizatolyesi.com\/tr\/ana-sayfa\/hakkimizda\/#primaryimage\",\"url\":\"https:\/\/egzersizatolyesi.com\/tr\/wp-content\/uploads\/yoga-3053488_1280-e1542229315650.jpg\",\"contentUrl\":\"https:\/\/egzersizatolyesi.com\/tr\/wp-content\/uploads\/yoga-3053488_1280-e1542229315650.jpg\",\"width\":1270,\"height\":422},{\"@type\":\"BreadcrumbList\",\"@id\":\"https:\/\/egzersizatolyesi.com\/tr\/ana-sayfa\/hakkimizda\/#breadcrumb\",\"itemListElement\":[{\"@type\":\"ListItem\",\"position\":1,\"name\":\"Anasayfa\",\"item\":\"https:\/\/egzersizatolyesi.com\/tr\/\"},{\"@type\":\"ListItem\",\"position\":2,\"name\":\"Egzersiz At\u00f6lyesi\",\"item\":\"https:\/\/egzersizatolyesi.com\/tr\/\"},{\"@type\":\"ListItem\",\"position\":3,\"name\":\"Hakk\u0131m\u0131zda\"}]},{\"@type\":\"WebSite\",\"@id\":\"https:\/\/egzersizatolyesi.com\/tr\/#website\",\"url\":\"https:\/\/egzersizatolyesi.com\/tr\/\",\"name\":\"Egzersiz At\u00f6lyesi\",\"description\":\"Ac\u0131badem Egzersiz At\u00f6lyesi\",\"publisher\":{\"@id\":\"https:\/\/egzersizatolyesi.com\/tr\/#organization\"},\"potentialAction\":[{\"@type\":\"SearchAction\",\"target\":{\"@type\":\"EntryPoint\",\"urlTemplate\":\"https:\/\/egzersizatolyesi.com\/tr\/?s={search_term_string}\"},\"query-input\":\"required name=search_term_string\"}],\"inLanguage\":\"tr\"},{\"@type\":\"Organization\",\"@id\":\"https:\/\/egzersizatolyesi.com\/tr\/#organization\",\"name\":\"Egzersiz At\u00f6lyesi\",\"url\":\"https:\/\/egzersizatolyesi.com\/tr\/\",\"logo\":{\"@type\":\"ImageObject\",\"inLanguage\":\"tr\",\"@id\":\"https:\/\/egzersizatolyesi.com\/tr\/#\/schema\/logo\/image\/\",\"url\":\"https:\/\/egzersizatolyesi.com\/tr\/wp-content\/uploads\/cropped-Egzersiz-Atolyesi-Logo.png\",\"contentUrl\":\"https:\/\/egzersizatolyesi.com\/tr\/wp-content\/uploads\/cropped-Egzersiz-Atolyesi-Logo.png\",\"width\":360,\"height\":250,\"caption\":\"Egzersiz At\u00f6lyesi\"},\"image\":{\"@id\":\"https:\/\/egzersizatolyesi.com\/tr\/#\/schema\/logo\/image\/\"}}]}<\/script>\n<!-- \/ Yoast SEO plugin. -->","yoast_head_json":{"title":"Hakk\u0131m\u0131zda - Egzersiz At\u00f6lyesi","robots":{"index":"index","follow":"follow","max-snippet":"max-snippet:-1","max-image-preview":"max-image-preview:large","max-video-preview":"max-video-preview:-1"},"canonical":"https:\/\/egzersizatolyesi.com\/tr\/ana-sayfa\/hakkimizda\/","og_locale":"tr_TR","og_type":"article","og_title":"Hakk\u0131m\u0131zda - Egzersiz At\u00f6lyesi","og_description":"Biyografi Emrah YILDIRIM (Antren\u00f6r&amp;E\u011fitmen) 1988 y\u0131l\u0131nda Rize\u2019de do\u011fdu. \u0130lkokula \u0130stanbul\u2019da ba\u015flad\u0131. 7 ya\u015f\u0131nda basketbol ile ba\u015flayan spor hayat\u0131, ortaokulda iken beden e\u011fitimi \u00f6\u011fretmeninin atletizme y\u00f6nlendirmesiyle, lisansl\u0131 olarak, atletizm sporu ile sporculuk kariyerine devam etti. 2006 y\u0131l\u0131nda Marmara \u00dcniversitesi Beden E\u011fitimi ve Spor Y\u00fcksek Okulu Antren\u00f6rl\u00fck E\u011fitimi b\u00f6l\u00fcm\u00fcne girmeye hak kazand\u0131. \u00d6\u011frencili\u011fi s\u00fcresince \u00e7e\u015fitli kurs ve &hellip; Okumaya devam et \"Hakk\u0131m\u0131zda\"","og_url":"https:\/\/egzersizatolyesi.com\/tr\/ana-sayfa\/hakkimizda\/","og_site_name":"Egzersiz At\u00f6lyesi","article_modified_time":"2023-11-20T09:20:44+00:00","og_image":[{"width":1270,"height":422,"url":"http:\/\/egzersizatolyesi.com\/tr\/wp-content\/uploads\/yoga-3053488_1280-e1542229315650.jpg","type":"image\/jpeg"}],"twitter_card":"summary_large_image","twitter_misc":{"Tahmini okuma s\u00fcresi":"1 dakika"},"schema":{"@context":"https:\/\/schema.org","@graph":[{"@type":"WebPage","@id":"https:\/\/egzersizatolyesi.com\/tr\/ana-sayfa\/hakkimizda\/","url":"https:\/\/egzersizatolyesi.com\/tr\/ana-sayfa\/hakkimizda\/","name":"Hakk\u0131m\u0131zda - Egzersiz At\u00f6lyesi","isPartOf":{"@id":"https:\/\/egzersizatolyesi.com\/tr\/#website"},"primaryImageOfPage":{"@id":"https:\/\/egzersizatolyesi.com\/tr\/ana-sayfa\/hakkimizda\/#primaryimage"},"image":{"@id":"https:\/\/egzersizatolyesi.com\/tr\/ana-sayfa\/hakkimizda\/#primaryimage"},"thumbnailUrl":"https:\/\/egzersizatolyesi.com\/tr\/wp-content\/uploads\/yoga-3053488_1280-e1542229315650.jpg","datePublished":"2018-09-18T10:38:18+00:00","dateModified":"2023-11-20T09:20:44+00:00","breadcrumb":{"@id":"https:\/\/egzersizatolyesi.com\/tr\/ana-sayfa\/hakkimizda\/#breadcrumb"},"inLanguage":"tr","potentialAction":[{"@type":"ReadAction","target":["https:\/\/egzersizatolyesi.com\/tr\/ana-sayfa\/hakkimizda\/"]}]},{"@type":"ImageObject","inLanguage":"tr","@id":"https:\/\/egzersizatolyesi.com\/tr\/ana-sayfa\/hakkimizda\/#primaryimage","url":"https:\/\/egzersizatolyesi.com\/tr\/wp-content\/uploads\/yoga-3053488_1280-e1542229315650.jpg","contentUrl":"https:\/\/egzersizatolyesi.com\/tr\/wp-content\/uploads\/yoga-3053488_1280-e1542229315650.jpg","width":1270,"height":422},{"@type":"BreadcrumbList","@id":"https:\/\/egzersizatolyesi.com\/tr\/ana-sayfa\/hakkimizda\/#breadcrumb","itemListElement":[{"@type":"ListItem","position":1,"name":"Anasayfa","item":"https:\/\/egzersizatolyesi.com\/tr\/"},{"@type":"ListItem","position":2,"name":"Egzersiz At\u00f6lyesi","item":"https:\/\/egzersizatolyesi.com\/tr\/"},{"@type":"ListItem","position":3,"name":"Hakk\u0131m\u0131zda"}]},{"@type":"WebSite","@id":"https:\/\/egzersizatolyesi.com\/tr\/#website","url":"https:\/\/egzersizatolyesi.com\/tr\/","name":"Egzersiz At\u00f6lyesi","description":"Ac\u0131badem Egzersiz At\u00f6lyesi","publisher":{"@id":"https:\/\/egzersizatolyesi.com\/tr\/#organization"},"potentialAction":[{"@type":"SearchAction","target":{"@type":"EntryPoint","urlTemplate":"https:\/\/egzersizatolyesi.com\/tr\/?s={search_term_string}"},"query-input":"required name=search_term_string"}],"inLanguage":"tr"},{"@type":"Organization","@id":"https:\/\/egzersizatolyesi.com\/tr\/#organization","name":"Egzersiz At\u00f6lyesi","url":"https:\/\/egzersizatolyesi.com\/tr\/","logo":{"@type":"ImageObject","inLanguage":"tr","@id":"https:\/\/egzersizatolyesi.com\/tr\/#\/schema\/logo\/image\/","url":"https:\/\/egzersizatolyesi.com\/tr\/wp-content\/uploads\/cropped-Egzersiz-Atolyesi-Logo.png","contentUrl":"https:\/\/egzersizatolyesi.com\/tr\/wp-content\/uploads\/cropped-Egzersiz-Atolyesi-Logo.png","width":360,"height":250,"caption":"Egzersiz At\u00f6lyesi"},"image":{"@id":"https:\/\/egzersizatolyesi.com\/tr\/#\/schema\/logo\/image\/"}}]}},"_links":{"self":[{"href":"https:\/\/egzersizatolyesi.com\/tr\/wp-json\/wp\/v2\/pages\/9"}],"collection":[{"href":"https:\/\/egzersizatolyesi.com\/tr\/wp-json\/wp\/v2\/pages"}],"about":[{"href":"https:\/\/egzersizatolyesi.com\/tr\/wp-json\/wp\/v2\/types\/page"}],"author":[{"embeddable":true,"href":"https:\/\/egzersizatolyesi.com\/tr\/wp-json\/wp\/v2\/users\/1"}],"replies":[{"embeddable":true,"href":"https:\/\/egzersizatolyesi.com\/tr\/wp-json\/wp\/v2\/comments?post=9"}],"version-history":[{"count":9,"href":"https:\/\/egzersizatolyesi.com\/tr\/wp-json\/wp\/v2\/pages\/9\/revisions"}],"predecessor-version":[{"id":580,"href":"https:\/\/egzersizatolyesi.com\/tr\/wp-json\/wp\/v2\/pages\/9\/revisions\/580"}],"up":[{"embeddable":true,"href":"https:\/\/egzersizatolyesi.com\/tr\/wp-json\/wp\/v2\/pages\/8"}],"wp:featuredmedia":[{"embeddable":true,"href":"https:\/\/egzersizatolyesi.com\/tr\/wp-json\/wp\/v2\/media\/248"}],"wp:attachment":[{"href":"https:\/\/egzersizatolyesi.com\/tr\/wp-json\/wp\/v2\/media?parent=9"}],"curies":[{"name":"wp","href":"https:\/\/api.w.org\/{rel}","templated":true}]}}